{"id":6790,"date":"2025-08-24T14:08:55","date_gmt":"2025-08-24T12:08:55","guid":{"rendered":"https:\/\/dev.hoffnungsgemeinde-test.org\/?page_id=6790"},"modified":"2025-08-28T21:10:18","modified_gmt":"2025-08-28T19:10:18","slug":"organisationskomitee","status":"publish","type":"page","link":"https:\/\/dev.hoffnungsgemeinde-test.org\/de\/ueber-uns\/organisationskomitee\/","title":{"rendered":"Organisationskomitee"},"content":{"rendered":"<p><img decoding=\"async\" src=\"\/wp-content\/uploads\/2025\/08\/platzhalter_bild_3x2_800px.png\" alt=\"\"><\/p>\n<h2>\u00dcber uns<\/h2>\n<h1>\n<p><span style=\"font-family: Verdana, sans-serif;\">Organisationskomitee<\/span><\/p>\n<\/h1>\n<div>\n<p>Wir freuen uns, dich kennenzulernen und mit dir eine Tasse Kaffee zu genie\u00dfen. Du bist herzlich eingeladen!<br \/>Uns ist es wichtig, nach dem Gottesdienst Zeit und Raum f\u00fcr Gemeinschaft zu bieten. Bei einer Tasse Kaffee, Tee oder auch Kaltgetr\u00e4nken nutzen viele dieses Angebot zum kl\u00f6nen.<\/p>\n<p>Wir freuen uns auf Dich!\u00a0<\/p>\n<\/div>\n<p><!--more--><br \/>\n<!-- {\"type\":\"layout\",\"children\":[{\"type\":\"section\",\"props\":{\"style\":\"secondary\",\"width\":\"default\",\"vertical_align\":\"middle\",\"title_position\":\"top-left\",\"title_rotation\":\"left\",\"title_breakpoint\":\"xl\",\"image_position\":\"center-center\",\"padding_remove_top\":true,\"padding_remove_bottom\":true},\"children\":[{\"type\":\"row\",\"children\":[{\"type\":\"column\",\"props\":{\"position_sticky_breakpoint\":\"m\",\"image_position\":\"center-center\",\"media_overlay_gradient\":\"\"},\"children\":[{\"type\":\"image\",\"props\":{\"margin\":\"default\",\"image_svg_color\":\"emphasis\",\"image\":\"wp-content\\\/uploads\\\/2025\\\/08\\\/platzhalter_bild_3x2_800px.png\",\"maxwidth\":\"2xlarge\",\"margin_remove_top\":true,\"margin_remove_bottom\":true,\"block_align\":\"center\",\"image_width\":\"100%\",\"image_height\":\"400\",\"text_align\":\"center\"}}]}]}],\"name\":\"Header Bild Seite\"},{\"type\":\"section\",\"props\":{\"style\":\"default\",\"width\":\"default\",\"vertical_align\":\"middle\",\"title_position\":\"top-left\",\"title_rotation\":\"left\",\"title_breakpoint\":\"xl\",\"image_position\":\"center-center\",\"padding_remove_top\":false,\"padding\":\"small\"},\"children\":[{\"type\":\"row\",\"children\":[{\"type\":\"column\",\"props\":{\"position_sticky_breakpoint\":\"m\",\"image_position\":\"center-center\",\"media_overlay_gradient\":\"\"},\"children\":[{\"type\":\"headline\",\"props\":{\"title_element\":\"h2\",\"text_align\":\"center\",\"content\":\"\\u00dcber uns\",\"margin_remove_top\":true,\"margin_remove_bottom\":true,\"title_style\":\"h2\"}},{\"type\":\"headline\",\"props\":{\"title_element\":\"h1\",\"text_align\":\"center\",\"content\":\"\n\n<p><span style=\\\"font-family: Verdana, sans-serif;\\\">Organisationskomitee<\\\/span><\\\/p>\",\"margin_remove_top\":true,\"margin_remove_bottom\":true,\"title_style\":\"h1\"}},{\"type\":\"text\",\"props\":{\"margin\":\"default\",\"column_breakpoint\":\"m\",\"content\":\"\n\n<p>Wir freuen uns, dich kennenzulernen und mit dir eine Tasse Kaffee zu genie\\u00dfen. Du bist herzlich eingeladen!<br \\\/>Uns ist es wichtig, nach dem Gottesdienst Zeit und Raum f\\u00fcr Gemeinschaft zu bieten. Bei einer Tasse Kaffee, Tee oder auch Kaltgetr\\u00e4nken nutzen viele dieses Angebot zum kl\\u00f6nen.<\\\/p>\\n\n\n<p><br \\\/>Wir freuen uns auf Dich!\\u00a0<\\\/p>\",\"text_align\":\"center\"}}]}]}],\"name\":\"headline - 3 teile\"}],\"version\":\"2.7.22\"} --><\/p>","protected":false},"excerpt":{"rendered":"<p>\u00dcber uns Organisationskomitee Wir freuen uns, dich kennenzulernen und mit dir eine Tasse Kaffee zu genie\u00dfen. Du bist herzlich eingeladen!Uns ist es wichtig, nach dem Gottesdienst Zeit und Raum f\u00fcr Gemeinschaft zu bieten. Bei einer Tasse Kaffee, Tee oder auch Kaltgetr\u00e4nken nutzen viele dieses Angebot zum kl\u00f6nen. Wir freuen uns auf Dich!\u00a0<\/p>","protected":false},"author":1,"featured_media":0,"parent":9,"menu_order":0,"comment_status":"closed","ping_status":"closed","template":"","meta":{"_mc_calendar":[],"footnotes":""},"class_list":["post-6790","page","type-page","status-publish","hentry"],"_links":{"self":[{"href":"https:\/\/dev.hoffnungsgemeinde-test.org\/de\/wp-json\/wp\/v2\/pages\/6790","targetHints":{"allow":["GET"]}}],"collection":[{"href":"https:\/\/dev.hoffnungsgemeinde-test.org\/de\/wp-json\/wp\/v2\/pages"}],"about":[{"href":"https:\/\/dev.hoffnungsgemeinde-test.org\/de\/wp-json\/wp\/v2\/types\/page"}],"author":[{"embeddable":true,"href":"https:\/\/dev.hoffnungsgemeinde-test.org\/de\/wp-json\/wp\/v2\/users\/1"}],"replies":[{"embeddable":true,"href":"https:\/\/dev.hoffnungsgemeinde-test.org\/de\/wp-json\/wp\/v2\/comments?post=6790"}],"version-history":[{"count":4,"href":"https:\/\/dev.hoffnungsgemeinde-test.org\/de\/wp-json\/wp\/v2\/pages\/6790\/revisions"}],"predecessor-version":[{"id":6911,"href":"https:\/\/dev.hoffnungsgemeinde-test.org\/de\/wp-json\/wp\/v2\/pages\/6790\/revisions\/6911"}],"up":[{"embeddable":true,"href":"https:\/\/dev.hoffnungsgemeinde-test.org\/de\/wp-json\/wp\/v2\/pages\/9"}],"wp:attachment":[{"href":"https:\/\/dev.hoffnungsgemeinde-test.org\/de\/wp-json\/wp\/v2\/media?parent=6790"}],"curies":[{"name":"wp","href":"https:\/\/api.w.org\/{rel}","templated":true}]}}